{"id":262,"date":"2025-08-09T08:34:52","date_gmt":"2025-08-09T08:34:52","guid":{"rendered":"http:\/\/volsa.com\/?page_id=262"},"modified":"2025-08-10T15:24:54","modified_gmt":"2025-08-10T15:24:54","slug":"datenschutzerklaerung","status":"publish","type":"page","link":"https:\/\/volsa.com\/index.php\/datenschutzerklaerung\/","title":{"rendered":"Datenschutzerkl\u00e4rung"},"content":{"rendered":"\n<h2 class=\"wp-block-heading\"><strong>Datenschutzerkl\u00e4rung<\/strong><\/h2>\n\n\n\n<p>Der Schutz Ihrer pers\u00f6nlichen Daten ist mir ein besonderes Anliegen. Ich verarbeite Ihre Daten daher ausschlie\u00dflich auf Grundlage der gesetzlichen Bestimmungen (DSGVO, TKG 2003).<\/p>\n\n\n\n<h3 class=\"wp-block-heading\">1. <strong>Allgemeines<\/strong><\/h3>\n\n\n\n<p>Diese Datenschutzerkl\u00e4rung informiert Sie \u00fcber die Art, den Umfang und Zweck der Erhebung und Verarbeitung personenbezogener Daten auf dieser Website.<\/p>\n\n\n\n<h3 class=\"wp-block-heading\">2. <strong>Kontaktaufnahme<\/strong><\/h3>\n\n\n\n<p>Wenn Sie per Formular auf der Website oder per E-Mail Kontakt mit mir aufnehmen, werden Ihre angegebenen Daten zwecks Bearbeitung der Anfrage und f\u00fcr den Fall von Anschlussfragen sechs Monate gespeichert. Diese Daten gebe ich nicht ohne Ihre Einwilligung weiter.<\/p>\n\n\n\n<h3 class=\"wp-block-heading\">3. <strong>Cookies<\/strong><\/h3>\n\n\n\n<p>Meine Website verwendet Cookies, um die Benutzerfreundlichkeit zu erh\u00f6hen. Dabei handelt es sich um kleine Textdateien, die Ihr Browser speichert. Sie k\u00f6nnen die Verwendung von Cookies in Ihrem Browser deaktivieren, was jedoch zu Einschr\u00e4nkungen in der Funktionalit\u00e4t f\u00fchren kann.<\/p>\n\n\n\n<h3 class=\"wp-block-heading\">4. <strong>Server-Logfiles<\/strong><\/h3>\n\n\n\n<p>Der Hosting-Provider dieser Website erhebt und speichert automatisch Informationen, die Ihr Browser automatisch \u00fcbermittelt (z. B. IP-Adresse, Browsertyp, Betriebssystem, Referrer-URL, Uhrzeit des Zugriffs). Diese Daten sind nicht bestimmten Personen zuordenbar und werden nicht mit anderen Datenquellen zusammengef\u00fchrt.<\/p>\n\n\n\n<h3 class=\"wp-block-heading\">5. <strong>Google Fonts<\/strong><\/h3>\n\n\n\n<p>Diese Website verwendet Google Fonts. Die Google Fonts werden standardm\u00e4\u00dfig von Google-Servern geladen, wodurch technisch bedingt Ihre IP-Adresse an Google \u00fcbertragen wird.<br>Anbieter: Google Ireland Limited, Gordon House, Barrow Street, Dublin 4, Irland.<br>Mehr Informationen finden Sie in der Datenschutzerkl\u00e4rung von Google: <a>https:\/\/policies.google.com\/privacy<\/a><\/p>\n\n\n\n<p>Falls Sie nicht m\u00f6chten, dass Google Fonts von externen Servern geladen werden, k\u00f6nnen Sie diese Funktion in Ihrem Browser blockieren oder Schriftarten lokal installieren (dies kann die Darstellung der Website beeinflussen).<\/p>\n\n\n\n<h3 class=\"wp-block-heading\">6. <strong>Ihre Rechte<\/strong><\/h3>\n\n\n\n<p>Ihnen stehen grunds\u00e4tzlich die Rechte auf Auskunft, Berichtigung, L\u00f6schung, Einschr\u00e4nkung, Daten\u00fcbertragbarkeit, Widerruf und Widerspruch zu.<br>Wenn Sie glauben, dass die Verarbeitung Ihrer Daten gegen das Datenschutzrecht verst\u00f6\u00dft oder Ihre datenschutzrechtlichen Anspr\u00fcche sonst in einer Weise verletzt wurden, k\u00f6nnen Sie sich bei der Aufsichtsbeh\u00f6rde beschweren. In \u00d6sterreich ist dies die Datenschutzbeh\u00f6rde.<\/p>\n\n\n\n<p><strong>Kontaktdaten des Verantwortlichen:<\/strong><br>Josef Volsa<br>Draschestra\u00dfe 13\/5<br>1230 Wien<br>\u00d6sterreich<br>Telefon: +43 699 100 23 770<br>E-Mail: <a>office@volsa.com<\/a><\/p>\n","protected":false},"excerpt":{"rendered":"<p>Datenschutzerkl\u00e4rung Der Schutz Ihrer pers\u00f6nlichen Daten ist mir ein besonderes Anliegen. Ich verarbeite Ihre Daten daher ausschlie\u00dflich auf Grundlage der gesetzlichen Bestimmungen (DSGVO, TKG 2003). 1. Allgemeines Diese Datenschutzerkl\u00e4rung informiert Sie \u00fcber die Art, den Umfang und Zweck der Erhebung und Verarbeitung personenbezogener Daten auf dieser Website. 2. Kontaktaufnahme Wenn Sie per Formular auf der&hellip;&nbsp;<a href=\"https:\/\/volsa.com\/index.php\/datenschutzerklaerung\/\" rel=\"bookmark\"><span class=\"screen-reader-text\">Datenschutzerkl\u00e4rung<\/span><\/a><\/p>\n","protected":false},"author":1,"featured_media":0,"parent":0,"menu_order":0,"comment_status":"closed","ping_status":"closed","template":"","meta":{"neve_meta_sidebar":"","neve_meta_container":"","neve_meta_enable_content_width":"","neve_meta_content_width":0,"neve_meta_title_alignment":"","neve_meta_author_avatar":"","neve_post_elements_order":"","neve_meta_disable_header":"","neve_meta_disable_footer":"","neve_meta_disable_title":"","footnotes":""},"class_list":["post-262","page","type-page","status-publish","hentry"],"_links":{"self":[{"href":"https:\/\/volsa.com\/index.php\/wp-json\/wp\/v2\/pages\/262","targetHints":{"allow":["GET"]}}],"collection":[{"href":"https:\/\/volsa.com\/index.php\/wp-json\/wp\/v2\/pages"}],"about":[{"href":"https:\/\/volsa.com\/index.php\/wp-json\/wp\/v2\/types\/page"}],"author":[{"embeddable":true,"href":"https:\/\/volsa.com\/index.php\/wp-json\/wp\/v2\/users\/1"}],"replies":[{"embeddable":true,"href":"https:\/\/volsa.com\/index.php\/wp-json\/wp\/v2\/comments?post=262"}],"version-history":[{"count":2,"href":"https:\/\/volsa.com\/index.php\/wp-json\/wp\/v2\/pages\/262\/revisions"}],"predecessor-version":[{"id":315,"href":"https:\/\/volsa.com\/index.php\/wp-json\/wp\/v2\/pages\/262\/revisions\/315"}],"wp:attachment":[{"href":"https:\/\/volsa.com\/index.php\/wp-json\/wp\/v2\/media?parent=262"}],"curies":[{"name":"wp","href":"https:\/\/api.w.org\/{rel}","templated":true}]}}