{"id":250,"date":"2025-08-08T07:02:36","date_gmt":"2025-08-08T07:02:36","guid":{"rendered":"http:\/\/volsa.com\/?page_id=250"},"modified":"2025-08-31T16:40:21","modified_gmt":"2025-08-31T16:40:21","slug":"presse-medien","status":"publish","type":"page","link":"https:\/\/volsa.com\/index.php\/presse-medien\/","title":{"rendered":"Presse"},"content":{"rendered":"\n<h2 class=\"wp-block-heading\">Ver\u00f6ffentlichungen \u00fcber meine Arbeit<\/h2>\n\n\n\n<p>Vertrauen entsteht nicht \u00fcber Nacht. Es hat mehrere Jahre gedauert, bis meine Arbeit in der \u00d6ffentlichkeit so wahrgenommen wurde, dass erste Zeitungsberichte und Interviews erschienen. Die hier gezeigten Artikel stammen aus dieser Phase \u2013 sie dokumentieren, wie meine geomantische Arbeit in verschiedenen Kontexten \u00f6ffentlich vorgestellt wurde.<\/p>\n\n\n\n<p>Mit der Zeit hat sich mein T\u00e4tigkeitsfeld ver\u00e4ndert. Aus kleineren, \u00f6ffentlichkeitswirksamen Projekten wurden zunehmend <strong>gr\u00f6\u00dfere und vertraulichere Auftr\u00e4ge<\/strong>. Besonders Bautr\u00e4ger, Unternehmen und exklusive Privatkunden haben die Wirkung meiner Arbeit gesch\u00e4tzt, aber kein Interesse daran gehabt, diese \u00f6ffentlich zu kommunizieren. F\u00fcr sie stand nicht die mediale Aufmerksamkeit im Vordergrund, sondern der <strong>direkte Nutzen<\/strong>: sp\u00fcrbare Verbesserungen f\u00fcr Mitarbeiter, Kunden oder G\u00e4ste \u2013 oft diskret und ohne sichtbare Ver\u00e4nderungen. Aber mit einer vorher ganz konkret definierten Wirkung. <\/p>\n\n\n\n<p>So erkl\u00e4rt sich, warum die Presseberichte hier einen bestimmten Zeitraum abdecken, w\u00e4hrend sp\u00e4tere Projekte <strong>bewusst im Hintergrund<\/strong> geblieben sind.<\/p>\n\n\n\n<figure class=\"wp-block-gallery has-nested-images columns-default is-cropped wp-block-gallery-1 is-layout-flex wp-block-gallery-is-layout-flex\">\n<figure class=\"wp-block-image size-large is-style-rounded\"><img loading=\"lazy\" decoding=\"async\" width=\"667\" height=\"1024\" data-id=\"352\" src=\"http:\/\/volsa.com\/wp-content\/uploads\/2025\/08\/Kurier-667x1024.jpg\" alt=\"\" class=\"wp-image-352\" srcset=\"https:\/\/volsa.com\/wp-content\/uploads\/2025\/08\/Kurier-667x1024.jpg 667w, https:\/\/volsa.com\/wp-content\/uploads\/2025\/08\/Kurier-195x300.jpg 195w, https:\/\/volsa.com\/wp-content\/uploads\/2025\/08\/Kurier-768x1180.jpg 768w, https:\/\/volsa.com\/wp-content\/uploads\/2025\/08\/Kurier-1000x1536.jpg 1000w, https:\/\/volsa.com\/wp-content\/uploads\/2025\/08\/Kurier.jpg 1074w\" sizes=\"auto, (max-width: 667px) 100vw, 667px\" \/><\/figure>\n\n\n\n<figure class=\"wp-block-image size-large is-style-rounded\"><a href=\"http:\/\/volsa.com\/wp-content\/uploads\/2025\/08\/wohnnet_Journal_200503.pdf\" target=\"_blank\" rel=\" noreferrer noopener\"><img loading=\"lazy\" decoding=\"async\" width=\"1024\" height=\"1024\" data-id=\"350\" src=\"http:\/\/volsa.com\/wp-content\/uploads\/2025\/08\/Wohnnet2005-1024x1024.jpg\" alt=\"\" class=\"wp-image-350\" srcset=\"https:\/\/volsa.com\/wp-content\/uploads\/2025\/08\/Wohnnet2005-1024x1024.jpg 1024w, https:\/\/volsa.com\/wp-content\/uploads\/2025\/08\/Wohnnet2005-300x300.jpg 300w, https:\/\/volsa.com\/wp-content\/uploads\/2025\/08\/Wohnnet2005-150x150.jpg 150w, https:\/\/volsa.com\/wp-content\/uploads\/2025\/08\/Wohnnet2005-768x768.jpg 768w, https:\/\/volsa.com\/wp-content\/uploads\/2025\/08\/Wohnnet2005.jpg 1383w\" sizes=\"auto, (max-width: 1024px) 100vw, 1024px\" \/><\/a><\/figure>\n\n\n\n<figure class=\"wp-block-image size-large is-style-rounded\"><a href=\"http:\/\/volsa.com\/wp-content\/uploads\/2025\/08\/bestbanking_200802.pdf\" target=\"_blank\" rel=\" noreferrer noopener\"><img loading=\"lazy\" decoding=\"async\" width=\"737\" height=\"1024\" data-id=\"351\" src=\"http:\/\/volsa.com\/wp-content\/uploads\/2025\/08\/Bestbanking2008jpg-737x1024.jpg\" alt=\"\" class=\"wp-image-351\" srcset=\"https:\/\/volsa.com\/wp-content\/uploads\/2025\/08\/Bestbanking2008jpg-737x1024.jpg 737w, https:\/\/volsa.com\/wp-content\/uploads\/2025\/08\/Bestbanking2008jpg-216x300.jpg 216w, https:\/\/volsa.com\/wp-content\/uploads\/2025\/08\/Bestbanking2008jpg-768x1067.jpg 768w, https:\/\/volsa.com\/wp-content\/uploads\/2025\/08\/Bestbanking2008jpg-1106x1536.jpg 1106w, https:\/\/volsa.com\/wp-content\/uploads\/2025\/08\/Bestbanking2008jpg.jpg 1311w\" sizes=\"auto, (max-width: 737px) 100vw, 737px\" \/><\/a><\/figure>\n\n\n\n<figure class=\"wp-block-image size-large is-style-rounded\"><img loading=\"lazy\" decoding=\"async\" width=\"806\" height=\"1024\" data-id=\"349\" src=\"http:\/\/volsa.com\/wp-content\/uploads\/2025\/08\/Leporello-2002-806x1024.jpg\" alt=\"\" class=\"wp-image-349\" srcset=\"https:\/\/volsa.com\/wp-content\/uploads\/2025\/08\/Leporello-2002-806x1024.jpg 806w, https:\/\/volsa.com\/wp-content\/uploads\/2025\/08\/Leporello-2002-236x300.jpg 236w, https:\/\/volsa.com\/wp-content\/uploads\/2025\/08\/Leporello-2002-768x976.jpg 768w, https:\/\/volsa.com\/wp-content\/uploads\/2025\/08\/Leporello-2002-1209x1536.jpg 1209w, https:\/\/volsa.com\/wp-content\/uploads\/2025\/08\/Leporello-2002.jpg 1452w\" sizes=\"auto, (max-width: 806px) 100vw, 806px\" \/><\/figure>\n\n\n\n<figure class=\"wp-block-image size-large is-style-rounded\"><img loading=\"lazy\" decoding=\"async\" width=\"794\" height=\"1024\" data-id=\"347\" src=\"http:\/\/volsa.com\/wp-content\/uploads\/2025\/08\/Krone2006-794x1024.jpg\" alt=\"\" class=\"wp-image-347\" srcset=\"https:\/\/volsa.com\/wp-content\/uploads\/2025\/08\/Krone2006-794x1024.jpg 794w, https:\/\/volsa.com\/wp-content\/uploads\/2025\/08\/Krone2006-233x300.jpg 233w, https:\/\/volsa.com\/wp-content\/uploads\/2025\/08\/Krone2006-768x990.jpg 768w, https:\/\/volsa.com\/wp-content\/uploads\/2025\/08\/Krone2006-1192x1536.jpg 1192w, https:\/\/volsa.com\/wp-content\/uploads\/2025\/08\/Krone2006.jpg 1422w\" sizes=\"auto, (max-width: 794px) 100vw, 794px\" \/><\/figure>\n\n\n\n<figure class=\"wp-block-image size-large is-style-rounded\"><a href=\"http:\/\/volsa.com\/wp-content\/uploads\/2025\/08\/Wohnguide_2007.pdf\" target=\"_blank\" rel=\" noreferrer noopener\"><img loading=\"lazy\" decoding=\"async\" width=\"811\" height=\"1024\" data-id=\"348\" src=\"http:\/\/volsa.com\/wp-content\/uploads\/2025\/08\/Wohnguide2007-811x1024.jpg\" alt=\"\" class=\"wp-image-348\" srcset=\"https:\/\/volsa.com\/wp-content\/uploads\/2025\/08\/Wohnguide2007-811x1024.jpg 811w, https:\/\/volsa.com\/wp-content\/uploads\/2025\/08\/Wohnguide2007-238x300.jpg 238w, https:\/\/volsa.com\/wp-content\/uploads\/2025\/08\/Wohnguide2007-768x969.jpg 768w, https:\/\/volsa.com\/wp-content\/uploads\/2025\/08\/Wohnguide2007-1217x1536.jpg 1217w, https:\/\/volsa.com\/wp-content\/uploads\/2025\/08\/Wohnguide2007.jpg 1464w\" sizes=\"auto, (max-width: 811px) 100vw, 811px\" \/><\/a><\/figure>\n\n\n\n<figure class=\"wp-block-image size-large is-style-rounded\"><a href=\"http:\/\/volsa.com\/wp-content\/uploads\/2025\/08\/Thurgauer_Nachrichten_20060504.pdf\" target=\"_blank\" rel=\" noreferrer noopener\"><img loading=\"lazy\" decoding=\"async\" width=\"786\" height=\"1024\" data-id=\"346\" src=\"http:\/\/volsa.com\/wp-content\/uploads\/2025\/08\/Thurgauer-Nachrichten-2005-786x1024.jpg\" alt=\"\" class=\"wp-image-346\" srcset=\"https:\/\/volsa.com\/wp-content\/uploads\/2025\/08\/Thurgauer-Nachrichten-2005-786x1024.jpg 786w, https:\/\/volsa.com\/wp-content\/uploads\/2025\/08\/Thurgauer-Nachrichten-2005-230x300.jpg 230w, https:\/\/volsa.com\/wp-content\/uploads\/2025\/08\/Thurgauer-Nachrichten-2005-768x1000.jpg 768w, https:\/\/volsa.com\/wp-content\/uploads\/2025\/08\/Thurgauer-Nachrichten-2005-1179x1536.jpg 1179w, https:\/\/volsa.com\/wp-content\/uploads\/2025\/08\/Thurgauer-Nachrichten-2005.jpg 1398w\" sizes=\"auto, (max-width: 786px) 100vw, 786px\" \/><\/a><\/figure>\n\n\n\n<figure class=\"wp-block-image size-large is-style-rounded\"><img loading=\"lazy\" decoding=\"async\" width=\"1024\" height=\"680\" data-id=\"345\" src=\"http:\/\/volsa.com\/wp-content\/uploads\/2025\/08\/E-Journal2007-1024x680.jpg\" alt=\"\" class=\"wp-image-345\" srcset=\"https:\/\/volsa.com\/wp-content\/uploads\/2025\/08\/E-Journal2007-1024x680.jpg 1024w, https:\/\/volsa.com\/wp-content\/uploads\/2025\/08\/E-Journal2007-300x199.jpg 300w, https:\/\/volsa.com\/wp-content\/uploads\/2025\/08\/E-Journal2007-768x510.jpg 768w, https:\/\/volsa.com\/wp-content\/uploads\/2025\/08\/E-Journal2007-1536x1020.jpg 1536w, https:\/\/volsa.com\/wp-content\/uploads\/2025\/08\/E-Journal2007.jpg 1947w\" sizes=\"auto, (max-width: 1024px) 100vw, 1024px\" \/><\/figure>\n\n\n\n<figure class=\"wp-block-image size-large is-style-rounded\"><a href=\"http:\/\/volsa.com\/wp-content\/uploads\/2025\/08\/Standard_20051029.jpg\" target=\"_blank\" rel=\" noreferrer noopener\"><img loading=\"lazy\" decoding=\"async\" width=\"573\" height=\"839\" data-id=\"327\" src=\"http:\/\/volsa.com\/wp-content\/uploads\/2025\/08\/Standard_20051029.jpg\" alt=\"\" class=\"wp-image-327\" srcset=\"https:\/\/volsa.com\/wp-content\/uploads\/2025\/08\/Standard_20051029.jpg 573w, https:\/\/volsa.com\/wp-content\/uploads\/2025\/08\/Standard_20051029-205x300.jpg 205w\" sizes=\"auto, (max-width: 573px) 100vw, 573px\" \/><\/a><\/figure>\n\n\n\n<figure class=\"wp-block-image size-large is-style-rounded\"><img loading=\"lazy\" decoding=\"async\" width=\"1024\" height=\"663\" data-id=\"339\" src=\"http:\/\/volsa.com\/wp-content\/uploads\/2025\/08\/Saalezeitung-2005-1024x663.jpg\" alt=\"\" class=\"wp-image-339\" srcset=\"https:\/\/volsa.com\/wp-content\/uploads\/2025\/08\/Saalezeitung-2005-1024x663.jpg 1024w, https:\/\/volsa.com\/wp-content\/uploads\/2025\/08\/Saalezeitung-2005-300x194.jpg 300w, https:\/\/volsa.com\/wp-content\/uploads\/2025\/08\/Saalezeitung-2005-768x497.jpg 768w, https:\/\/volsa.com\/wp-content\/uploads\/2025\/08\/Saalezeitung-2005-1536x994.jpg 1536w, https:\/\/volsa.com\/wp-content\/uploads\/2025\/08\/Saalezeitung-2005.jpg 1965w\" sizes=\"auto, (max-width: 1024px) 100vw, 1024px\" \/><\/figure>\n\n\n\n<figure class=\"wp-block-image size-large is-style-rounded\"><a href=\"http:\/\/volsa.com\/wp-content\/uploads\/2025\/08\/Raiffeisenbank_200511.pdf\" target=\"_blank\" rel=\" noreferrer noopener\"><img loading=\"lazy\" decoding=\"async\" width=\"717\" height=\"1024\" data-id=\"340\" src=\"http:\/\/volsa.com\/wp-content\/uploads\/2025\/08\/Raiffeisen-2005-717x1024.jpg\" alt=\"\" class=\"wp-image-340\" srcset=\"https:\/\/volsa.com\/wp-content\/uploads\/2025\/08\/Raiffeisen-2005-717x1024.jpg 717w, https:\/\/volsa.com\/wp-content\/uploads\/2025\/08\/Raiffeisen-2005-210x300.jpg 210w, https:\/\/volsa.com\/wp-content\/uploads\/2025\/08\/Raiffeisen-2005-768x1097.jpg 768w, https:\/\/volsa.com\/wp-content\/uploads\/2025\/08\/Raiffeisen-2005-1075x1536.jpg 1075w, https:\/\/volsa.com\/wp-content\/uploads\/2025\/08\/Raiffeisen-2005.jpg 1254w\" sizes=\"auto, (max-width: 717px) 100vw, 717px\" \/><\/a><\/figure>\n\n\n\n<figure class=\"wp-block-image size-large is-style-rounded\"><a href=\"http:\/\/volsa.com\/wp-content\/uploads\/2025\/08\/Universum_200211.pdf\" target=\"_blank\" rel=\" noreferrer noopener\"><img loading=\"lazy\" decoding=\"async\" width=\"669\" height=\"1024\" data-id=\"341\" src=\"http:\/\/volsa.com\/wp-content\/uploads\/2025\/08\/Universum-2002-669x1024.jpg\" alt=\"\" class=\"wp-image-341\" srcset=\"https:\/\/volsa.com\/wp-content\/uploads\/2025\/08\/Universum-2002-669x1024.jpg 669w, https:\/\/volsa.com\/wp-content\/uploads\/2025\/08\/Universum-2002-196x300.jpg 196w, https:\/\/volsa.com\/wp-content\/uploads\/2025\/08\/Universum-2002-768x1176.jpg 768w, https:\/\/volsa.com\/wp-content\/uploads\/2025\/08\/Universum-2002-1003x1536.jpg 1003w, https:\/\/volsa.com\/wp-content\/uploads\/2025\/08\/Universum-2002.jpg 1203w\" sizes=\"auto, (max-width: 669px) 100vw, 669px\" \/><\/a><\/figure>\n\n\n\n<figure class=\"wp-block-image size-large is-style-rounded\"><a href=\"http:\/\/volsa.com\/wp-content\/uploads\/2025\/08\/besser_wohnen_200706.pdf\" target=\"_blank\" rel=\" noreferrer noopener\"><img loading=\"lazy\" decoding=\"async\" width=\"785\" height=\"1024\" data-id=\"343\" src=\"http:\/\/volsa.com\/wp-content\/uploads\/2025\/08\/Besser-wohnen-2007-785x1024.jpg\" alt=\"\" class=\"wp-image-343\" srcset=\"https:\/\/volsa.com\/wp-content\/uploads\/2025\/08\/Besser-wohnen-2007-785x1024.jpg 785w, https:\/\/volsa.com\/wp-content\/uploads\/2025\/08\/Besser-wohnen-2007-230x300.jpg 230w, https:\/\/volsa.com\/wp-content\/uploads\/2025\/08\/Besser-wohnen-2007-768x1002.jpg 768w, https:\/\/volsa.com\/wp-content\/uploads\/2025\/08\/Besser-wohnen-2007-1177x1536.jpg 1177w, https:\/\/volsa.com\/wp-content\/uploads\/2025\/08\/Besser-wohnen-2007.jpg 1398w\" sizes=\"auto, (max-width: 785px) 100vw, 785px\" \/><\/a><\/figure>\n\n\n\n<figure class=\"wp-block-image size-large is-style-rounded\"><a href=\"http:\/\/volsa.com\/wp-content\/uploads\/2025\/08\/Hagia_Chora_Ausgabe19_2004.pdf\" target=\"_blank\" rel=\" noreferrer noopener\"><img loading=\"lazy\" decoding=\"async\" width=\"704\" height=\"1024\" data-id=\"342\" src=\"http:\/\/volsa.com\/wp-content\/uploads\/2025\/08\/Hagia-Chora-2004-704x1024.jpg\" alt=\"\" class=\"wp-image-342\" srcset=\"https:\/\/volsa.com\/wp-content\/uploads\/2025\/08\/Hagia-Chora-2004-704x1024.jpg 704w, https:\/\/volsa.com\/wp-content\/uploads\/2025\/08\/Hagia-Chora-2004-206x300.jpg 206w, https:\/\/volsa.com\/wp-content\/uploads\/2025\/08\/Hagia-Chora-2004-768x1117.jpg 768w, https:\/\/volsa.com\/wp-content\/uploads\/2025\/08\/Hagia-Chora-2004-1056x1536.jpg 1056w, https:\/\/volsa.com\/wp-content\/uploads\/2025\/08\/Hagia-Chora-2004.jpg 1242w\" sizes=\"auto, (max-width: 704px) 100vw, 704px\" \/><\/a><\/figure>\n\n\n\n<figure class=\"wp-block-image size-large is-style-rounded\"><a href=\"http:\/\/volsa.com\/wp-content\/uploads\/2025\/08\/wohnnet_Journal_200304.pdf\" target=\"_blank\" rel=\" noreferrer noopener\"><img loading=\"lazy\" decoding=\"async\" width=\"1024\" height=\"922\" data-id=\"344\" src=\"http:\/\/volsa.com\/wp-content\/uploads\/2025\/08\/Wohnnet2003-1024x922.jpg\" alt=\"\" class=\"wp-image-344\" srcset=\"https:\/\/volsa.com\/wp-content\/uploads\/2025\/08\/Wohnnet2003-1024x922.jpg 1024w, https:\/\/volsa.com\/wp-content\/uploads\/2025\/08\/Wohnnet2003-300x270.jpg 300w, https:\/\/volsa.com\/wp-content\/uploads\/2025\/08\/Wohnnet2003-768x692.jpg 768w, https:\/\/volsa.com\/wp-content\/uploads\/2025\/08\/Wohnnet2003-1536x1383.jpg 1536w, https:\/\/volsa.com\/wp-content\/uploads\/2025\/08\/Wohnnet2003.jpg 1692w\" sizes=\"auto, (max-width: 1024px) 100vw, 1024px\" \/><\/a><\/figure>\n<\/figure>\n","protected":false},"excerpt":{"rendered":"<p>Ver\u00f6ffentlichungen \u00fcber meine Arbeit Vertrauen entsteht nicht \u00fcber Nacht. Es hat mehrere Jahre gedauert, bis meine Arbeit in der \u00d6ffentlichkeit so wahrgenommen wurde, dass erste Zeitungsberichte und Interviews erschienen. Die hier gezeigten Artikel stammen aus dieser Phase \u2013 sie dokumentieren, wie meine geomantische Arbeit in verschiedenen Kontexten \u00f6ffentlich vorgestellt wurde. Mit der Zeit hat sich&hellip;&nbsp;<a href=\"https:\/\/volsa.com\/index.php\/presse-medien\/\" rel=\"bookmark\"><span class=\"screen-reader-text\">Presse<\/span><\/a><\/p>\n","protected":false},"author":1,"featured_media":0,"parent":0,"menu_order":0,"comment_status":"closed","ping_status":"closed","template":"","meta":{"neve_meta_sidebar":"","neve_meta_container":"","neve_meta_enable_content_width":"","neve_meta_content_width":0,"neve_meta_title_alignment":"","neve_meta_author_avatar":"","neve_post_elements_order":"","neve_meta_disable_header":"","neve_meta_disable_footer":"","neve_meta_disable_title":"","footnotes":""},"class_list":["post-250","page","type-page","status-publish","hentry"],"_links":{"self":[{"href":"https:\/\/volsa.com\/index.php\/wp-json\/wp\/v2\/pages\/250","targetHints":{"allow":["GET"]}}],"collection":[{"href":"https:\/\/volsa.com\/index.php\/wp-json\/wp\/v2\/pages"}],"about":[{"href":"https:\/\/volsa.com\/index.php\/wp-json\/wp\/v2\/types\/page"}],"author":[{"embeddable":true,"href":"https:\/\/volsa.com\/index.php\/wp-json\/wp\/v2\/users\/1"}],"replies":[{"embeddable":true,"href":"https:\/\/volsa.com\/index.php\/wp-json\/wp\/v2\/comments?post=250"}],"version-history":[{"count":12,"href":"https:\/\/volsa.com\/index.php\/wp-json\/wp\/v2\/pages\/250\/revisions"}],"predecessor-version":[{"id":369,"href":"https:\/\/volsa.com\/index.php\/wp-json\/wp\/v2\/pages\/250\/revisions\/369"}],"wp:attachment":[{"href":"https:\/\/volsa.com\/index.php\/wp-json\/wp\/v2\/media?parent=250"}],"curies":[{"name":"wp","href":"https:\/\/api.w.org\/{rel}","templated":true}]}}