{"id":244,"date":"2025-08-08T07:01:13","date_gmt":"2025-08-08T07:01:13","guid":{"rendered":"http:\/\/volsa.com\/?page_id=244"},"modified":"2025-08-31T16:39:50","modified_gmt":"2025-08-31T16:39:50","slug":"ueber-mich","status":"publish","type":"page","link":"https:\/\/volsa.com\/index.php\/ueber-mich\/","title":{"rendered":"\u00dcber mich"},"content":{"rendered":"\n<h2 class=\"wp-block-heading\">Josef Volsa \u2013 Geomant mit Erfahrung aus \u00fcber 25 Jahren<\/h2>\n\n\n\n<p>R\u00e4ume, die wirken. Messbar. Sp\u00fcrbar. Seit mehr als zwei Jahrzehnten unterst\u00fctze ich Unternehmen, Hotels und Privatkunden dabei, ihre R\u00e4ume so zu gestalten, dass Menschen sich darin wohler f\u00fchlen, konzentrierter arbeiten und erholsamer schlafen.<\/p>\n\n\n\n<hr class=\"wp-block-separator has-alpha-channel-opacity\"\/>\n\n\n\n<h3 class=\"wp-block-heading\"><strong>Von Wien in die Welt<\/strong><\/h3>\n\n\n\n<p>Meine Arbeit hat mich in den letzten Jahrzehnten in zahlreiche L\u00e4nder gef\u00fchrt \u2013 von \u00d6sterreich \u00fcber die <strong>Schweiz<\/strong> bis <strong>Shanghai<\/strong>, von der <strong>Karibik<\/strong> bis zu Projekten in nahezu allen L\u00e4ndern der Europ\u00e4ischen Union.<br>Ob es sich um einen Konzernstandort, ein Luxushotel oder eine private Villa handelt: Jedes Projekt ist einzigartig, und jede L\u00f6sung entsteht vor Ort.<\/p>\n\n\n\n<hr class=\"wp-block-separator has-alpha-channel-opacity\"\/>\n\n\n\n<h3 class=\"wp-block-heading\"><strong>Arbeitsweise \u2013 diskret und zielorientiert<\/strong><\/h3>\n\n\n\n<p>Jedes Projekt beginnt mit einer gr\u00fcndlichen Vor-Ort-Analyse. Ich h\u00f6re zu, frage nach und nehme die bestehende Situation genau auf.<br>Die Intervention erfolgt gezielt, oft ohne sichtbare Eingriffe \u2013 auf Wunsch auch begleitet von wissenschaftlichen Messungen und Evaluierungen. Mein Anspruch: Ver\u00e4nderungen, die <strong>nachhaltig sp\u00fcrbar<\/strong> sind und sich <strong>objektiv belegen<\/strong> lassen.<\/p>\n\n\n\n<p>Ein wesentlicher Teil meiner Arbeit ist, dass Sie die Wirkung meiner Ma\u00dfnahmen <strong>vorab erleben k\u00f6nnen<\/strong>.<br>Daf\u00fcr habe ich eine Technik entwickelt, bei der ich mit einer kleinen Steinsetzung tempor\u00e4r eine neue Raumqualit\u00e4t aufbaue.<br>So sp\u00fcren Sie den Unterschied direkt \u2013 ohne Fachbegriffe, ohne \u201eGlaubensfrage\u201c.<br>Diese Erfahrung ist f\u00fcr viele meiner Kunden die <strong>entscheidende Grundlage<\/strong>, um ein Projekt zu beauftragen.<\/p>\n\n\n\n<hr class=\"wp-block-separator has-alpha-channel-opacity\"\/>\n\n\n\n<h3 class=\"wp-block-heading\"><strong>Vertrauen durch Ergebnisse<\/strong><\/h3>\n\n\n\n<p>Viele meiner Auftr\u00e4ge kommen durch <strong>Weiterempfehlungen<\/strong> zufriedener Kunden. Diese langj\u00e4hrige Zusammenarbeit mit unterschiedlichsten Branchen \u2013 vom Handwerksbetrieb bis zum internationalen Konzern \u2013 ist f\u00fcr mich die beste Best\u00e4tigung meiner Arbeit.<\/p>\n\n\n\n<hr class=\"wp-block-separator has-alpha-channel-opacity\"\/>\n\n\n\n<h3 class=\"wp-block-heading\"><strong>Ein kurzer Blick zur\u00fcck<\/strong><\/h3>\n\n\n\n<p>Vor meiner Spezialisierung auf Geomantie habe ich mich intensiv mit archaischen Bau- und Gestaltungsprinzipien befasst. Dieses Wissen kombiniere ich heute mit moderner Messtechnik und praxisnaher Umsetzung. Dadurch lassen sich Projekte realisieren, die sowohl <strong>traditionell verwurzelt<\/strong> als auch <strong>zeitgem\u00e4\u00df wirksam<\/strong> sind.<\/p>\n\n\n\n<div class=\"wp-block-buttons is-content-justification-center is-layout-flex wp-container-core-buttons-is-layout-16018d1d wp-block-buttons-is-layout-flex\">\n<div class=\"wp-block-button is-style-primary\"><a class=\"wp-block-button__link wp-element-button\" href=\"http:\/\/volsa.com\/index.php\/kontakt\/\">Projekt unverbindlich anfragen<\/a><\/div>\n<\/div>\n\n\n\n<p><\/p>\n","protected":false},"excerpt":{"rendered":"<p>Josef Volsa \u2013 Geomant mit Erfahrung aus \u00fcber 25 Jahren R\u00e4ume, die wirken. Messbar. Sp\u00fcrbar. Seit mehr als zwei Jahrzehnten unterst\u00fctze ich Unternehmen, Hotels und Privatkunden dabei, ihre R\u00e4ume so zu gestalten, dass Menschen sich darin wohler f\u00fchlen, konzentrierter arbeiten und erholsamer schlafen. Von Wien in die Welt Meine Arbeit hat mich in den letzten&hellip;&nbsp;<a href=\"https:\/\/volsa.com\/index.php\/ueber-mich\/\" rel=\"bookmark\"><span class=\"screen-reader-text\">\u00dcber mich<\/span><\/a><\/p>\n","protected":false},"author":1,"featured_media":0,"parent":0,"menu_order":0,"comment_status":"closed","ping_status":"closed","template":"","meta":{"neve_meta_sidebar":"","neve_meta_container":"","neve_meta_enable_content_width":"","neve_meta_content_width":0,"neve_meta_title_alignment":"","neve_meta_author_avatar":"","neve_post_elements_order":"","neve_meta_disable_header":"","neve_meta_disable_footer":"","neve_meta_disable_title":"","footnotes":""},"class_list":["post-244","page","type-page","status-publish","hentry"],"_links":{"self":[{"href":"https:\/\/volsa.com\/index.php\/wp-json\/wp\/v2\/pages\/244","targetHints":{"allow":["GET"]}}],"collection":[{"href":"https:\/\/volsa.com\/index.php\/wp-json\/wp\/v2\/pages"}],"about":[{"href":"https:\/\/volsa.com\/index.php\/wp-json\/wp\/v2\/types\/page"}],"author":[{"embeddable":true,"href":"https:\/\/volsa.com\/index.php\/wp-json\/wp\/v2\/users\/1"}],"replies":[{"embeddable":true,"href":"https:\/\/volsa.com\/index.php\/wp-json\/wp\/v2\/comments?post=244"}],"version-history":[{"count":4,"href":"https:\/\/volsa.com\/index.php\/wp-json\/wp\/v2\/pages\/244\/revisions"}],"predecessor-version":[{"id":372,"href":"https:\/\/volsa.com\/index.php\/wp-json\/wp\/v2\/pages\/244\/revisions\/372"}],"wp:attachment":[{"href":"https:\/\/volsa.com\/index.php\/wp-json\/wp\/v2\/media?parent=244"}],"curies":[{"name":"wp","href":"https:\/\/api.w.org\/{rel}","templated":true}]}}